{"id":7,"date":"2025-11-06T17:31:32","date_gmt":"2025-11-06T17:31:32","guid":{"rendered":"https:\/\/darkorange-goose-347992.hostingersite.com\/contact\/"},"modified":"2026-04-12T20:14:18","modified_gmt":"2026-04-12T20:14:18","slug":"contact","status":"publish","type":"page","link":"https:\/\/zse-motion.com\/en\/contact\/","title":{"rendered":"Contact"},"content":{"rendered":"<div class=\"wp-block-group alignfull hostinger-ai-contact-form-4 hostinger-ai-fade-up has-color-1-background-color has-background has-global-padding is-layout-constrained wp-block-group-is-layout-constrained\" data-aos=\"fade-up\">\n<div class=\"wp-block-group alignwide hostinger-ai-fade-up is-vertical is-content-justification-center is-nowrap is-layout-flex wp-container-core-group-is-layout-95764c33 wp-block-group-is-layout-flex\" data-aos=\"fade-up\" style=\"min-height:400px;padding-top:var(--wp--preset--spacing--40);padding-bottom:var(--wp--preset--spacing--40)\">\n<div class=\"wp-block-group hostinger-ai-fade-up wp-container-content-69bc4bdf is-layout-flow wp-container-core-group-is-layout-d6743c7d wp-block-group-is-layout-flow\" data-aos=\"fade-up\">\n<h2 class=\"wp-block-heading has-text-align-center hostinger-ai-title has-dark-color has-text-color has-link-color has-x-large-font-size wp-elements-f0462045f41269e5343bce744d2414a0\" style=\"margin-top:var(--wp--preset--spacing--60);margin-bottom:var(--wp--preset--spacing--60)\">Contact us<\/h2>\n\n\n\n<div class=\"wp-block-hostinger-ai-theme-contact-form-block\">\n    <section class=\"hts-section hts-page hts-contact-form\">\n        <div class=\"hts-details\">\n            <div class=\"hts-contact-details hts-contacts\">\n                \n                \n                <form id=\"contact-form-69e1bbcd2e75b\" action=\"\">\n                    <input type=\"hidden\" id=\"contactform_nonce\" name=\"contactform_nonce\" value=\"33226160f0\" \/><input type=\"hidden\" name=\"_wp_http_referer\" value=\"\/en\/wp-json\/wp\/v2\/pages\/7\" \/>\n                    <label for=\"contact-form-69e1bbcd2e75b-name\">First name &amp; Surname<\/label>\n                    <input type=\"text\"\n                            id=\"contact-form-69e1bbcd2e75b-name\"\n                            class=\"contact-name\"\n                            name=\"name\"\n                            placeholder=\"\"\n                            required>\n\n                    <label for=\"contact-form-69e1bbcd2e75b-email\">Email<\/label>\n                    <input type=\"email\"\n                            id=\"contact-form-69e1bbcd2e75b-email\"\n                            class=\"contact-email\"\n                            name=\"email\"\n                            placeholder=\"\"\n                            required>\n\n                    <label for=\"contact-form-69e1bbcd2e75b-message\">\n                    Message                    <\/label>\n                    <textarea id=\"contact-form-69e1bbcd2e75b-message\"\n                                class=\"contact-message\"\n                                name=\"message\"\n                                placeholder=\"Describe your project to us...\"\n                                required><\/textarea>\n\n                    <div class=\"validate-message\"><\/div>\n\n                    <div class=\"hts-privacy-agree\">\n                        <label class=\"hts-form-control\">\n                            <input type=\"checkbox\"\n                                    id=\"contact-form-69e1bbcd2e75b-privacy-policy-checkbox\"\n                                    class=\"privacy-policy-checkbox\"\n                                    name=\"privacy_policy\"\n                                    required>\n                            <span>\n                            I consent to use of provided personal data for the purpose of responding to the request as described in <a href=\"https:\/\/zse-motion.com\/en\/privacy-policy\/\" target=\"_blank\">Privacy Policy<\/a> which I have read. I may withdraw my consent at any time.                            <\/span>\n                        <\/label>\n                    <\/div>\n\n                    <input type=\"submit\"\n                            class=\"btn primary has-color-2-color has-color-1-background-color has-text-color has-background has-link-color has-border-color has-color-1-border-color wp-element-button\"\n                            value=\"Send\"\/>\n                <input type=\"hidden\" name=\"trp-form-language\" value=\"en\"\/><\/form>\n            <\/div>\n        <\/div>\n    <\/section>\n<\/div><\/div>\n<\/div>\n<\/div>\n\n\n\n<div class=\"wp-block-group alignfull hostinger-ai-solid-block hostinger-ai-fade-up has-color-1-background-color has-background has-global-padding is-layout-constrained wp-block-group-is-layout-constrained\" data-aos=\"fade-up\" style=\"padding-top:var(--wp--preset--spacing--60);padding-bottom:var(--wp--preset--spacing--60)\">\n<div class=\"wp-block-group alignwide hostinger-ai-fade-up is-vertical is-content-justification-center is-nowrap is-layout-flex wp-container-core-group-is-layout-4cc6ee0a wp-block-group-is-layout-flex\" data-aos=\"fade-up\" style=\"min-height:0px;padding-top:0;padding-bottom:0\">\n<div class=\"wp-block-group hostinger-ai-fade-up wp-container-content-69bc4bdf has-global-padding is-content-justification-center is-layout-constrained wp-container-core-group-is-layout-78267832 wp-block-group-is-layout-constrained\" data-aos=\"fade-up\">\n<h2 class=\"wp-block-heading has-text-align-center hostinger-ai-title has-dark-color has-text-color has-link-color has-x-large-font-size wp-elements-c02b5ee55d57c7eae37822090d8f4a08\" style=\"margin-top:0;margin-right:0;margin-bottom:0;margin-left:0\">Contact us<\/h2>\n\n\n\n<p class=\"has-text-align-center hostinger-ai-description has-dark-color has-text-color has-link-color has-medium-font-size wp-elements-5efa768508ccbf9c15414e4ac2e62057\" style=\"margin-top:var(--wp--preset--spacing--20);margin-bottom:var(--wp--preset--spacing--50)\">Pr\u00eat \u00e0 concr\u00e9tiser votre projet Domotique ou de construction \u00e0 Bruxelles ou en Wallonie ? Discutons-en d\u00e8s aujourd\u2019hui.<\/p>\n\n\n\n<div class=\"wp-block-buttons is-content-justification-center is-layout-flex wp-container-core-buttons-is-layout-a89b3969 wp-block-buttons-is-layout-flex\"><\/div>\n<\/div>\n<\/div>\n<\/div>","protected":false},"excerpt":{"rendered":"<p>Contactez-nous Contactez-nous Pr\u00eat \u00e0 concr\u00e9tiser votre projet Domotique ou de construction \u00e0 Bruxelles ou en Wallonie ? Discutons-en d\u00e8s aujourd\u2019hui.<\/p>","protected":false},"author":1,"featured_media":0,"parent":0,"menu_order":0,"comment_status":"closed","ping_status":"closed","template":"","meta":{"footnotes":""},"class_list":["post-7","page","type-page","status-publish","hentry"],"yoast_head":"<!-- This site is optimized with the Yoast SEO plugin v27.3 - https:\/\/yoast.com\/product\/yoast-seo-wordpress\/ -->\n<title>Contact - ZSE-motion<\/title>\n<meta name=\"robots\" content=\"index, follow, max-snippet:-1, max-image-preview:large, max-video-preview:-1\" \/>\n<link rel=\"canonical\" href=\"https:\/\/zse-motion.com\/en\/contact\/\" \/>\n<meta property=\"og:locale\" content=\"en_GB\" \/>\n<meta property=\"og:type\" content=\"article\" \/>\n<meta property=\"og:title\" content=\"Contact - ZSE-motion\" \/>\n<meta property=\"og:description\" content=\"Contactez-nous Contactez-nous Pr\u00eat \u00e0 concr\u00e9tiser votre projet Domotique ou de construction \u00e0 Bruxelles ou en Wallonie ? Discutons-en d\u00e8s aujourd\u2019hui.\" \/>\n<meta property=\"og:url\" content=\"https:\/\/zse-motion.com\/en\/contact\/\" \/>\n<meta property=\"og:site_name\" content=\"ZSE-motion\" \/>\n<meta property=\"article:modified_time\" content=\"2026-04-12T20:14:18+00:00\" \/>\n<meta name=\"twitter:card\" content=\"summary_large_image\" \/>\n<meta name=\"twitter:label1\" content=\"Estimated reading time\" \/>\n\t<meta name=\"twitter:data1\" content=\"1 minute\" \/>\n<script type=\"application\/ld+json\" class=\"yoast-schema-graph\">{\"@context\":\"https:\\\/\\\/schema.org\",\"@graph\":[{\"@type\":\"WebPage\",\"@id\":\"https:\\\/\\\/zse-motion.com\\\/contact\\\/\",\"url\":\"https:\\\/\\\/zse-motion.com\\\/contact\\\/\",\"name\":\"Contact - ZSE-motion\",\"isPartOf\":{\"@id\":\"https:\\\/\\\/zse-motion.com\\\/#website\"},\"datePublished\":\"2025-11-06T17:31:32+00:00\",\"dateModified\":\"2026-04-12T20:14:18+00:00\",\"breadcrumb\":{\"@id\":\"https:\\\/\\\/zse-motion.com\\\/contact\\\/#breadcrumb\"},\"inLanguage\":\"en-GB\",\"potentialAction\":[{\"@type\":\"ReadAction\",\"target\":[\"https:\\\/\\\/zse-motion.com\\\/contact\\\/\"]}]},{\"@type\":\"BreadcrumbList\",\"@id\":\"https:\\\/\\\/zse-motion.com\\\/contact\\\/#breadcrumb\",\"itemListElement\":[{\"@type\":\"ListItem\",\"position\":1,\"name\":\"Accueil\",\"item\":\"https:\\\/\\\/zse-motion.com\\\/\"},{\"@type\":\"ListItem\",\"position\":2,\"name\":\"Contact\"}]},{\"@type\":\"WebSite\",\"@id\":\"https:\\\/\\\/zse-motion.com\\\/#website\",\"url\":\"https:\\\/\\\/zse-motion.com\\\/\",\"name\":\"ZSE-motion\",\"description\":\"Chez zse-motion, nous allions construction haut de gamme et domotique pour cr\u00e9er des espaces s\u00fbrs, \u00e9co-efficients et \u00e9l\u00e9gants.\",\"publisher\":{\"@id\":\"https:\\\/\\\/zse-motion.com\\\/#organization\"},\"potentialAction\":[{\"@type\":\"SearchAction\",\"target\":{\"@type\":\"EntryPoint\",\"urlTemplate\":\"https:\\\/\\\/zse-motion.com\\\/?s={search_term_string}\"},\"query-input\":{\"@type\":\"PropertyValueSpecification\",\"valueRequired\":true,\"valueName\":\"search_term_string\"}}],\"inLanguage\":\"en-GB\"},{\"@type\":\"Organization\",\"@id\":\"https:\\\/\\\/zse-motion.com\\\/#organization\",\"name\":\"ZSE-motion\",\"url\":\"https:\\\/\\\/zse-motion.com\\\/\",\"logo\":{\"@type\":\"ImageObject\",\"inLanguage\":\"en-GB\",\"@id\":\"https:\\\/\\\/zse-motion.com\\\/#\\\/schema\\\/logo\\\/image\\\/\",\"url\":\"https:\\\/\\\/zse-motion.com\\\/wp-content\\\/uploads\\\/2025\\\/11\\\/generated-image-9-1.png\",\"contentUrl\":\"https:\\\/\\\/zse-motion.com\\\/wp-content\\\/uploads\\\/2025\\\/11\\\/generated-image-9-1.png\",\"width\":777,\"height\":523,\"caption\":\"ZSE-motion\"},\"image\":{\"@id\":\"https:\\\/\\\/zse-motion.com\\\/#\\\/schema\\\/logo\\\/image\\\/\"}}]}<\/script>\n<!-- \/ Yoast SEO plugin. -->","yoast_head_json":{"title":"Contact - ZSE-motion","robots":{"index":"index","follow":"follow","max-snippet":"max-snippet:-1","max-image-preview":"max-image-preview:large","max-video-preview":"max-video-preview:-1"},"canonical":"https:\/\/zse-motion.com\/en\/contact\/","og_locale":"en_GB","og_type":"article","og_title":"Contact - ZSE-motion","og_description":"Contactez-nous Contactez-nous Pr\u00eat \u00e0 concr\u00e9tiser votre projet Domotique ou de construction \u00e0 Bruxelles ou en Wallonie ? Discutons-en d\u00e8s aujourd\u2019hui.","og_url":"https:\/\/zse-motion.com\/en\/contact\/","og_site_name":"ZSE-motion","article_modified_time":"2026-04-12T20:14:18+00:00","twitter_card":"summary_large_image","twitter_misc":{"Estimated reading time":"1 minute"},"schema":{"@context":"https:\/\/schema.org","@graph":[{"@type":"WebPage","@id":"https:\/\/zse-motion.com\/contact\/","url":"https:\/\/zse-motion.com\/contact\/","name":"Contact - ZSE-motion","isPartOf":{"@id":"https:\/\/zse-motion.com\/#website"},"datePublished":"2025-11-06T17:31:32+00:00","dateModified":"2026-04-12T20:14:18+00:00","breadcrumb":{"@id":"https:\/\/zse-motion.com\/contact\/#breadcrumb"},"inLanguage":"en-GB","potentialAction":[{"@type":"ReadAction","target":["https:\/\/zse-motion.com\/contact\/"]}]},{"@type":"BreadcrumbList","@id":"https:\/\/zse-motion.com\/contact\/#breadcrumb","itemListElement":[{"@type":"ListItem","position":1,"name":"Accueil","item":"https:\/\/zse-motion.com\/"},{"@type":"ListItem","position":2,"name":"Contact"}]},{"@type":"WebSite","@id":"https:\/\/zse-motion.com\/#website","url":"https:\/\/zse-motion.com\/","name":"ZSE-motion","description":"At zse-motion, we combine high-end construction and home automation to create safe, eco-efficient, and stylish spaces.","publisher":{"@id":"https:\/\/zse-motion.com\/#organization"},"potentialAction":[{"@type":"SearchAction","target":{"@type":"EntryPoint","urlTemplate":"https:\/\/zse-motion.com\/?s={search_term_string}"},"query-input":{"@type":"PropertyValueSpecification","valueRequired":true,"valueName":"search_term_string"}}],"inLanguage":"en-GB"},{"@type":"Organization","@id":"https:\/\/zse-motion.com\/#organization","name":"ZSE-motion","url":"https:\/\/zse-motion.com\/","logo":{"@type":"ImageObject","inLanguage":"en-GB","@id":"https:\/\/zse-motion.com\/#\/schema\/logo\/image\/","url":"https:\/\/zse-motion.com\/wp-content\/uploads\/2025\/11\/generated-image-9-1.png","contentUrl":"https:\/\/zse-motion.com\/wp-content\/uploads\/2025\/11\/generated-image-9-1.png","width":777,"height":523,"caption":"ZSE-motion"},"image":{"@id":"https:\/\/zse-motion.com\/#\/schema\/logo\/image\/"}}]}},"_hostinger_reach_plugin_has_subscription_block":false,"_hostinger_reach_plugin_is_elementor":false,"_links":{"self":[{"href":"https:\/\/zse-motion.com\/en\/wp-json\/wp\/v2\/pages\/7","targetHints":{"allow":["GET"]}}],"collection":[{"href":"https:\/\/zse-motion.com\/en\/wp-json\/wp\/v2\/pages"}],"about":[{"href":"https:\/\/zse-motion.com\/en\/wp-json\/wp\/v2\/types\/page"}],"author":[{"embeddable":true,"href":"https:\/\/zse-motion.com\/en\/wp-json\/wp\/v2\/users\/1"}],"replies":[{"embeddable":true,"href":"https:\/\/zse-motion.com\/en\/wp-json\/wp\/v2\/comments?post=7"}],"version-history":[{"count":19,"href":"https:\/\/zse-motion.com\/en\/wp-json\/wp\/v2\/pages\/7\/revisions"}],"predecessor-version":[{"id":372,"href":"https:\/\/zse-motion.com\/en\/wp-json\/wp\/v2\/pages\/7\/revisions\/372"}],"wp:attachment":[{"href":"https:\/\/zse-motion.com\/en\/wp-json\/wp\/v2\/media?parent=7"}],"curies":[{"name":"wp","href":"https:\/\/api.w.org\/{rel}","templated":true}]}}